{"id":2,"date":"2016-09-24T12:17:27","date_gmt":"2016-09-24T10:17:27","guid":{"rendered":"https:\/\/pifitalia.com\/pt\/?page_id=2"},"modified":"2021-07-12T06:39:49","modified_gmt":"2021-07-12T09:39:49","slug":"pif-italia-home-page","status":"publish","type":"page","link":"https:\/\/www.pifitalia.com\/pt\/","title":{"rendered":"PIF ITALIA &#8211; Avalia\u00e7\u00e3o de seguran\u00e7a (CPSR) e processamento PIF do produto cosm\u00e9tico. CPNP Reg. CE 1223 2009."},"content":{"rendered":"<h1 style=\"text-align: center;\">NOSSA PAIX\u00c3O \u00c9 SEU SUCESSO<\/h1>\n<p>Bem-vindo ao novo site empresarial da PIF ITALIA, criado para informar a import\u00e2ncia de estar em dia com a regularidade acompanhada por uma empresa composta por pessoas experientes, profissionais e de confian\u00e7a. Nossa empresa cresce a cada ano, gra\u00e7as tamb\u00e9m \u00e0 amplia\u00e7\u00e3o dos servi\u00e7os oferecidos.<\/p>\n<p>Portanto, n\u00e3o apenas legisla\u00e7\u00e3o, mas novos servi\u00e7os inovadores para ajudar nossos clientes a crescer e ser mais competitivos no mercado.<\/p>\n<p style=\"text-align: justify;\">Desde 2000 nos tornamos um parceiro de refer\u00eancia nacional para muitas empresas nas seguintes \u00e1reas: <strong>Assuntos Regulat\u00f3rios, Software de Gest\u00e3o Laboratorial, An\u00e1lise e Testes Laboratoriais, Desenvolvimento de gr\u00e1ficos para etiquetas e para embalagens prim\u00e1rias e secund\u00e1rias<\/strong>.<\/p>\n<p style=\"text-align: center;\"><b>\u00a0<\/b><\/p>\n","protected":false},"excerpt":{"rendered":"<p>NOSSA PAIX\u00c3O \u00c9 SEU SUCESSO Bem-vindo ao novo site empresarial da PIF ITALIA, criado para informar a import\u00e2ncia de estar em dia com a regularidade acompanhada por uma empresa composta por pessoas experientes, profissionais e de confian\u00e7a. Nossa empresa cresce a cada ano, gra\u00e7as tamb\u00e9m \u00e0 amplia\u00e7\u00e3o dos servi\u00e7os oferecidos.<\/p>\n","protected":false},"author":1,"featured_media":0,"parent":0,"menu_order":0,"comment_status":"closed","ping_status":"open","template":"","meta":{"footnotes":""},"class_list":["post-2","page","type-page","status-publish","hentry"],"_links":{"self":[{"href":"https:\/\/www.pifitalia.com\/pt\/wp-json\/wp\/v2\/pages\/2","targetHints":{"allow":["GET"]}}],"collection":[{"href":"https:\/\/www.pifitalia.com\/pt\/wp-json\/wp\/v2\/pages"}],"about":[{"href":"https:\/\/www.pifitalia.com\/pt\/wp-json\/wp\/v2\/types\/page"}],"author":[{"embeddable":true,"href":"https:\/\/www.pifitalia.com\/pt\/wp-json\/wp\/v2\/users\/1"}],"replies":[{"embeddable":true,"href":"https:\/\/www.pifitalia.com\/pt\/wp-json\/wp\/v2\/comments?post=2"}],"version-history":[{"count":57,"href":"https:\/\/www.pifitalia.com\/pt\/wp-json\/wp\/v2\/pages\/2\/revisions"}],"predecessor-version":[{"id":2395,"href":"https:\/\/www.pifitalia.com\/pt\/wp-json\/wp\/v2\/pages\/2\/revisions\/2395"}],"wp:attachment":[{"href":"https:\/\/www.pifitalia.com\/pt\/wp-json\/wp\/v2\/media?parent=2"}],"curies":[{"name":"wp","href":"https:\/\/api.w.org\/{rel}","templated":true}]}}