{"id":1098,"date":"2018-09-05T13:11:48","date_gmt":"2018-09-05T11:11:48","guid":{"rendered":"https:\/\/pifitalia.com\/pt\/?page_id=1098"},"modified":"2025-05-20T07:57:43","modified_gmt":"2025-05-20T10:57:43","slug":"contatti","status":"publish","type":"page","link":"https:\/\/www.pifitalia.com\/pt\/contatti\/","title":{"rendered":"CONTATOS"},"content":{"rendered":"<p style=\"text-align: justify;\">Prezado cliente, utilize o formul\u00e1rio de contato para solicitar um or\u00e7amento ou qualquer informa\u00e7\u00e3o ou conselho. Para agilizar o atendimento, deixe um n\u00famero de telefone (se poss\u00edvel fixo) e o dia \/ hora em que voc\u00ea prefere ser chamado. Obrigada.<\/p>\n\n<div class=\"wpcf7 no-js\" id=\"wpcf7-f27-o1\" lang=\"it-IT\" dir=\"ltr\" data-wpcf7-id=\"27\">\n<div class=\"screen-reader-response\"><p role=\"status\" aria-live=\"polite\" aria-atomic=\"true\"><\/p> <ul><\/ul><\/div>\n<form action=\"\/pt\/wp-json\/wp\/v2\/pages\/1098#wpcf7-f27-o1\" method=\"post\" class=\"wpcf7-form init\" aria-label=\"Modulo di contatto\" novalidate=\"novalidate\" data-status=\"init\">\n<fieldset class=\"hidden-fields-container\"><input type=\"hidden\" name=\"_wpcf7\" value=\"27\" \/><input type=\"hidden\" name=\"_wpcf7_version\" value=\"6.1.3\" \/><input type=\"hidden\" name=\"_wpcf7_locale\" value=\"it_IT\" \/><input type=\"hidden\" name=\"_wpcf7_unit_tag\" value=\"wpcf7-f27-o1\" \/><input type=\"hidden\" name=\"_wpcf7_container_post\" value=\"0\" \/><input type=\"hidden\" name=\"_wpcf7_posted_data_hash\" value=\"\" \/><input type=\"hidden\" name=\"_wpcf7_recaptcha_response\" value=\"\" \/>\n<\/fieldset>\n<p><label> Nome\/Azienda<br \/>\n<span class=\"wpcf7-form-control-wrap\" data-name=\"your-name\"><input size=\"40\" maxlength=\"400\" class=\"wpcf7-form-control wpcf7-text wpcf7-validates-as-required\" aria-required=\"true\" aria-invalid=\"false\" value=\"\" type=\"text\" name=\"your-name\" \/><\/span> <\/label>\n<\/p>\n<p><label> Email<br \/>\n<span class=\"wpcf7-form-control-wrap\" data-name=\"your-email\"><input size=\"40\" maxlength=\"400\" class=\"wpcf7-form-control wpcf7-email wpcf7-validates-as-required wpcf7-text wpcf7-validates-as-email\" aria-required=\"true\" aria-invalid=\"false\" value=\"\" type=\"email\" name=\"your-email\" \/><\/span> <\/label>\n<\/p>\n<p><label> Oggetto<br \/>\n<span class=\"wpcf7-form-control-wrap\" data-name=\"your-subject\"><input size=\"40\" maxlength=\"400\" class=\"wpcf7-form-control wpcf7-text\" aria-invalid=\"false\" value=\"\" type=\"text\" name=\"your-subject\" \/><\/span> <\/label>\n<\/p>\n<p><label> Messaggio<br \/>\n<span class=\"wpcf7-form-control-wrap\" data-name=\"your-message\"><textarea cols=\"40\" rows=\"10\" maxlength=\"2000\" class=\"wpcf7-form-control wpcf7-textarea\" aria-invalid=\"false\" name=\"your-message\"><\/textarea><\/span> <\/label>\n<\/p>\n<span class=\"wpcf7-form-control-wrap recaptcha\" data-name=\"recaptcha\"><span data-sitekey=\"6LdYAQgUAAAAALbcCDconl_SOFRa5DyXZPyViD_N\" class=\"wpcf7-form-control wpcf7-recaptcha g-recaptcha\"><\/span>\r\n<noscript>\r\n\t<div class=\"grecaptcha-noscript\">\r\n\t\t<iframe loading=\"lazy\" src=\"https:\/\/www.google.com\/recaptcha\/api\/fallback?k=6LdYAQgUAAAAALbcCDconl_SOFRa5DyXZPyViD_N\" frameborder=\"0\" scrolling=\"no\" width=\"310\" height=\"430\">\r\n\t\t<\/iframe>\r\n\t\t<textarea name=\"g-recaptcha-response\" rows=\"3\" cols=\"40\" placeholder=\"reCaptcha Response Here\">\r\n\t\t<\/textarea>\r\n\t<\/div>\r\n<\/noscript>\r\n<\/span>\n<p><input class=\"wpcf7-form-control wpcf7-submit has-spinner\" type=\"submit\" value=\"Invia\" \/>\n<\/p><div class=\"wpcf7-response-output\" aria-hidden=\"true\"><\/div>\n<\/form>\n<\/div>\n\n<h5>Em caso de urg\u00eancia (por exemplo, cosm\u00e9ticos parados na alf\u00e2ndega, notifica\u00e7\u00f5es urgentes do CPNP, normaliza\u00e7\u00e3o de r\u00f3tulos, outras urg\u00eancias), pode escrever diretamente ao nosso servi\u00e7o comercial: commerciale@pifitalia.it<\/h5>\n<h4>Prote\u00e7\u00e3o de dados pessoais<\/h4>\n<div class=\"tabs-title\" style=\"text-align: justify;\">De acordo com o Decreto Legislativo n. 196 de 30.06.2003 informamos que os dados aqui recolhidos se destinam a fornecer informa\u00e7\u00f5es sobre os servi\u00e7os e produtos da PIF ITALIA s.r.l. Estes dados ser\u00e3o processados \u200b\u200beletronicamente, de acordo com a legisla\u00e7\u00e3o em vigor, pela PIF ITALIA s.r.l. e n\u00e3o ser\u00e1 usado para fins diferentes daqueles para os quais a autoriza\u00e7\u00e3o \u00e9 concedida atrav\u00e9s do preenchimento deste formul\u00e1rio.<br \/>\nO interessado goza dos direitos previstos no art. 7 do Decreto Legislativo 196\/03. O controlador de dados \u00e9: PIF ITALIA s.r.l.<\/div>\n<p>&nbsp;<\/p>\n","protected":false},"excerpt":{"rendered":"<p>Prezado cliente, utilize o formul\u00e1rio de contato para solicitar um or\u00e7amento ou qualquer informa\u00e7\u00e3o ou conselho. Para agilizar o atendimento, deixe um n\u00famero de telefone (se poss\u00edvel fixo) e o dia \/ hora em que voc\u00ea prefere ser chamado. Obrigada. Em caso de urg\u00eancia (por exemplo, cosm\u00e9ticos parados na alf\u00e2ndega,<\/p>\n","protected":false},"author":1,"featured_media":0,"parent":0,"menu_order":0,"comment_status":"closed","ping_status":"closed","template":"","meta":{"footnotes":""},"class_list":["post-1098","page","type-page","status-publish","hentry"],"_links":{"self":[{"href":"https:\/\/www.pifitalia.com\/pt\/wp-json\/wp\/v2\/pages\/1098","targetHints":{"allow":["GET"]}}],"collection":[{"href":"https:\/\/www.pifitalia.com\/pt\/wp-json\/wp\/v2\/pages"}],"about":[{"href":"https:\/\/www.pifitalia.com\/pt\/wp-json\/wp\/v2\/types\/page"}],"author":[{"embeddable":true,"href":"https:\/\/www.pifitalia.com\/pt\/wp-json\/wp\/v2\/users\/1"}],"replies":[{"embeddable":true,"href":"https:\/\/www.pifitalia.com\/pt\/wp-json\/wp\/v2\/comments?post=1098"}],"version-history":[{"count":7,"href":"https:\/\/www.pifitalia.com\/pt\/wp-json\/wp\/v2\/pages\/1098\/revisions"}],"predecessor-version":[{"id":2519,"href":"https:\/\/www.pifitalia.com\/pt\/wp-json\/wp\/v2\/pages\/1098\/revisions\/2519"}],"wp:attachment":[{"href":"https:\/\/www.pifitalia.com\/pt\/wp-json\/wp\/v2\/media?parent=1098"}],"curies":[{"name":"wp","href":"https:\/\/api.w.org\/{rel}","templated":true}]}}