{"id":2,"date":"2016-09-24T12:17:27","date_gmt":"2016-09-24T10:17:27","guid":{"rendered":"https:\/\/pifitalia.com\/es\/?page_id=2"},"modified":"2021-07-01T16:00:48","modified_gmt":"2021-07-01T14:00:48","slug":"pif-italia-home-page","status":"publish","type":"page","link":"https:\/\/www.pifitalia.com\/es\/","title":{"rendered":"PIF ITALIA &#8211; Valutazione di sicurezza (CPSR) ed elaborazione PIF del prodotto cosmetico. CPNP Reg. CE 1223 2009."},"content":{"rendered":"<h1 style=\"text-align: center;\"><strong>NUESTRA PASI\u00d3N ES VUESTRO \u00c9XITO<\/strong><\/h1>\n<p style=\"text-align: justify;\"><span style=\"color: #808080;\">Bienvenidos a nuestro nuevo sitio web corporativo de PIF ITALIA, creado para informar de lo importante que es conseguir en el cumplimiento seguido por una empresa formada por experimentado, profesional, confiable. Nuestra empresa crece cada a\u00f1o, gracias tambi\u00e9n a la ampliaci\u00f3n de los servicios ofrecidos. <\/span><\/p>\n<p>Por lo tanto, no s\u00f3lo la normativa, sino nuevos servicios innovadores para que nuestros clientes crezcan y sean m\u00e1s competitivos en el mercado.<\/p>\n<p>Desde el a\u00f1o 2000 nos hemos convertido en un socio de referencia nacional para muchas empresas en los siguientes \u00e1mbitos: <strong>Regulatory Affairs, Software de Gesti\u00f3n de Laboratorios, An\u00e1lisis y pruebas de laboratorio, desarrollo de gr\u00e1ficos para etiquetas y para envases primarios y secundarios.<\/strong><\/p>\n<p style=\"text-align: center;\"><b>\u00a0<\/b><\/p>\n","protected":false},"excerpt":{"rendered":"<p>NUESTRA PASI\u00d3N ES VUESTRO \u00c9XITO Bienvenidos a nuestro nuevo sitio web corporativo de PIF ITALIA, creado para informar de lo importante que es conseguir en el cumplimiento seguido por una empresa formada por experimentado, profesional, confiable. Nuestra empresa crece cada a\u00f1o, gracias tambi\u00e9n a la ampliaci\u00f3n de los servicios ofrecidos.<\/p>\n","protected":false},"author":1,"featured_media":0,"parent":0,"menu_order":0,"comment_status":"closed","ping_status":"open","template":"","meta":{"footnotes":""},"class_list":["post-2","page","type-page","status-publish","hentry"],"_links":{"self":[{"href":"https:\/\/www.pifitalia.com\/es\/wp-json\/wp\/v2\/pages\/2","targetHints":{"allow":["GET"]}}],"collection":[{"href":"https:\/\/www.pifitalia.com\/es\/wp-json\/wp\/v2\/pages"}],"about":[{"href":"https:\/\/www.pifitalia.com\/es\/wp-json\/wp\/v2\/types\/page"}],"author":[{"embeddable":true,"href":"https:\/\/www.pifitalia.com\/es\/wp-json\/wp\/v2\/users\/1"}],"replies":[{"embeddable":true,"href":"https:\/\/www.pifitalia.com\/es\/wp-json\/wp\/v2\/comments?post=2"}],"version-history":[{"count":56,"href":"https:\/\/www.pifitalia.com\/es\/wp-json\/wp\/v2\/pages\/2\/revisions"}],"predecessor-version":[{"id":2334,"href":"https:\/\/www.pifitalia.com\/es\/wp-json\/wp\/v2\/pages\/2\/revisions\/2334"}],"wp:attachment":[{"href":"https:\/\/www.pifitalia.com\/es\/wp-json\/wp\/v2\/media?parent=2"}],"curies":[{"name":"wp","href":"https:\/\/api.w.org\/{rel}","templated":true}]}}