{"id":2,"date":"2016-09-24T12:17:27","date_gmt":"2016-09-24T10:17:27","guid":{"rendered":"https:\/\/www.pifitalia.com\/de\/?page_id=2"},"modified":"2021-06-30T15:12:25","modified_gmt":"2021-06-30T13:12:25","slug":"pif-italia-home-page","status":"publish","type":"page","link":"https:\/\/www.pifitalia.com\/de\/","title":{"rendered":"PIF ITALIA &#8211; Valutazione di sicurezza (CPSR) ed elaborazione PIF del prodotto cosmetico. CPNP Reg. CE 1223 2009."},"content":{"rendered":"<h1 style=\"text-align: center;\">UNSERE LEIDENSCHAFT IST EUER ERFOLG<\/h1>\n<p>Willkommen auf der neuen Unternehmenswebsite von PIF ITALIA, die erstellt wurde, um Sie \u00fcber die Bedeutung der Einhaltung der Vorschriften zu informieren, die von einem Unternehmen befolgt werden, das aus erfahrenen, professionellen und zuverl\u00e4ssigen Personen besteht. Unsere Firma w\u00e4chst jedes Jahr, auch dank der Erweiterung der angebotenen Dienstleistungen.<\/p>\n<p>Deshalb nicht nur Vorschriften, sondern neue innovative Dienstleistungen, damit unsere Kunden wachsen und auf dem Markt wettbewerbsf\u00e4higer werden.<\/p>\n<p>Seit 2000 haben wir uns zu einem nationalen Referenzpartner f\u00fcr viele Unternehmen in den folgenden Bereichen entwickelt: <strong>Regulatory Affairs, Labormanagement-Software, Laboranalyse und -pr\u00fcfung, Entwicklung von Grafiken f\u00fcr Etiketten und f\u00fcr Prim\u00e4r- und Sekund\u00e4rverpackungen<\/strong>.<\/p>\n<p style=\"text-align: center;\"><b>\u00a0<\/b><\/p>\n","protected":false},"excerpt":{"rendered":"<p>UNSERE LEIDENSCHAFT IST EUER ERFOLG Willkommen auf der neuen Unternehmenswebsite von PIF ITALIA, die erstellt wurde, um Sie \u00fcber die Bedeutung der Einhaltung der Vorschriften zu informieren, die von einem Unternehmen befolgt werden, das aus erfahrenen, professionellen und zuverl\u00e4ssigen Personen besteht. Unsere Firma w\u00e4chst jedes Jahr, auch dank der Erweiterung<\/p>\n","protected":false},"author":1,"featured_media":0,"parent":0,"menu_order":0,"comment_status":"closed","ping_status":"open","template":"","meta":{"footnotes":""},"class_list":["post-2","page","type-page","status-publish","hentry"],"_links":{"self":[{"href":"https:\/\/www.pifitalia.com\/de\/wp-json\/wp\/v2\/pages\/2","targetHints":{"allow":["GET"]}}],"collection":[{"href":"https:\/\/www.pifitalia.com\/de\/wp-json\/wp\/v2\/pages"}],"about":[{"href":"https:\/\/www.pifitalia.com\/de\/wp-json\/wp\/v2\/types\/page"}],"author":[{"embeddable":true,"href":"https:\/\/www.pifitalia.com\/de\/wp-json\/wp\/v2\/users\/1"}],"replies":[{"embeddable":true,"href":"https:\/\/www.pifitalia.com\/de\/wp-json\/wp\/v2\/comments?post=2"}],"version-history":[{"count":56,"href":"https:\/\/www.pifitalia.com\/de\/wp-json\/wp\/v2\/pages\/2\/revisions"}],"predecessor-version":[{"id":2333,"href":"https:\/\/www.pifitalia.com\/de\/wp-json\/wp\/v2\/pages\/2\/revisions\/2333"}],"wp:attachment":[{"href":"https:\/\/www.pifitalia.com\/de\/wp-json\/wp\/v2\/media?parent=2"}],"curies":[{"name":"wp","href":"https:\/\/api.w.org\/{rel}","templated":true}]}}